{"id":973,"date":"2021-02-16T20:47:38","date_gmt":"2021-02-16T18:47:38","guid":{"rendered":"https:\/\/bernuosta.lv\/?page_id=973"},"modified":"2021-04-14T18:02:50","modified_gmt":"2021-04-14T15:02:50","slug":"privatuma-politika","status":"publish","type":"page","link":"https:\/\/bernuosta.lv\/ru\/privatuma-politika\/","title":{"rendered":"Priv\u0101tuma politika"},"content":{"rendered":"<div data-elementor-type=\"wp-page\" data-elementor-id=\"973\" class=\"elementor elementor-973\" data-elementor-post-type=\"page\">\n\t\t\t\t\t\t<section class=\"elementor-section elementor-top-section elementor-element elementor-element-838c55b elementor-section-boxed elementor-section-height-default elementor-section-height-default\" data-id=\"838c55b\" data-element_type=\"section\" data-e-type=\"section\">\n\t\t\t\t\t\t<div class=\"elementor-container elementor-column-gap-default\">\n\t\t\t\t\t<div class=\"elementor-column elementor-col-100 elementor-top-column elementor-element elementor-element-9470cf7\" data-id=\"9470cf7\" data-element_type=\"column\" data-e-type=\"column\">\n\t\t\t<div class=\"elementor-widget-wrap elementor-element-populated\">\n\t\t\t\t\t\t<div class=\"elementor-element elementor-element-51dfa4d elementor-widget elementor-widget-heading\" data-id=\"51dfa4d\" data-element_type=\"widget\" data-e-type=\"widget\" data-widget_type=\"heading.default\">\n\t\t\t\t<div class=\"elementor-widget-container\">\n\t\t\t\t\t<h1 class=\"elementor-heading-title elementor-size-default\">Priv\u0101tuma politika<\/h1>\t\t\t\t<\/div>\n\t\t\t\t<\/div>\n\t\t\t\t<div class=\"elementor-element elementor-element-1d065a3 elementor-widget elementor-widget-text-editor\" data-id=\"1d065a3\" data-element_type=\"widget\" data-e-type=\"widget\" data-widget_type=\"text-editor.default\">\n\t\t\t\t<div class=\"elementor-widget-container\">\n\t\t\t\t\t\t\t\t\t<p><b>Priv\u0101tuma politika<\/b><\/p><ol><li><span style=\"font-weight: 400;\"> SIA \u201cB\u0113rnu Osta\u201d (re\u0123istr\u0113ts Latvijas Republikas Uz\u0146\u0113mumu re\u0123istr\u0101, re\u0123.nr. 40203309789, juridisk\u0101 adrese: Katr\u012bnas dambis 22-31, R\u012bga, LV-1045), ir P\u0101rzinis, kas izpilda Eiropas Savien\u012bbas Visp\u0101r\u012bg\u0101s datu aizsardz\u012bbas regulas Nr.2016\/679 pras\u012bbas Latvij\u0101.<\/span><\/li><\/ol><p><span style=\"font-weight: 400;\">\u0160\u012b Priv\u0101tuma politika izskaidro, k\u0101 SIA \u201cB\u0113rnu Osta\u201d apstr\u0101d\u0101 personas datus, kad tiek izmantoti uz\u0146\u0113muma pakalpojumi. \u0160\u012b politika attiecas uz visa veida personas datu apstr\u0101di, ko SIA \u201cB\u0113rnu Osta\u201d iev\u0101c no m\u0101jaslapas, e-pastu sarakstes, l\u012bgumiem un citiem avotiem.<\/span><\/p><p><b><i>Personas datu iev\u0101k\u0161ana un izmanto\u0161ana<\/i><\/b><\/p><ol start=\"2\"><li><span style=\"font-weight: 400;\"> Neatkar\u012bgi no kuras valsts j\u016bs piek\u013c\u016bstat SIA \u201cB\u0113rnu Osta\u201d pakalpojumiem, personas datu apstr\u0101d\u0113 tiek iev\u0113roti Regulas noteikumi. J\u016bs esat inform\u0113ti, ka J\u016bsu personas dati Latvij\u0101 var tikt apstr\u0101d\u0101ti ar\u012b uz \u0161\u012bs valsts likuma pamata.<\/span><\/li><li><span style=\"font-weight: 400;\"> SIA \u201cB\u0113rnu Osta\u201d inform\u0113, ka, nor\u0101dot savu e-pasta adresi, piekr\u012btat, ka t\u0101 tiek iek\u013cauta datu b\u0101z\u0113 un uz to var tikt nos\u016bt\u012bta no interneta vietnes bernuosta.lv pazi\u0146ojums\/atg\u0101din\u0101jums par uzs\u0101ktaj\u0101m, bet nepabeigtaj\u0101m darb\u012bb\u0101m.<\/span><\/li><li><span style=\"font-weight: 400;\"> J\u016bs esat inform\u0113ts, ka, lietojot interneta vietni bernuosta.lv, SIA \u201cB\u0113rnu Osta\u201d vai jebkura tre\u0161\u0101 persona, kas darbojas bernuosta.lv v\u0101rd\u0101, var apkopot un uzglab\u0101t datus, kas \u013cauj izsekot un uzskait\u012bt:<\/span><\/li><\/ol><p><span style=\"font-weight: 400;\">4.1. t\u012bmek\u013ca viet\u0146u kop\u0113jo apmekl\u0113jumu skaitu;<\/span><\/p><p><span style=\"font-weight: 400;\">4.2. katras konkr\u0113t\u0101s t\u012bmek\u013ca vietnes apmekl\u0113t\u0101ju skaitu;<\/span><\/p><p><span style=\"font-weight: 400;\">4.3. bernuosta.lv apmekl\u0113t\u0101ju interneta pakalpojumu sniedz\u0113ju dom\u0113na v\u0101rdus;<\/span><\/p><p><span style=\"font-weight: 400;\">4.4. IP adreses;<\/span><\/p><p><span style=\"font-weight: 400;\">4.5. citus datus, kuru izmanto\u0161anas m\u0113r\u0137is ir sist\u0113mu administr\u0113\u0161ana, k\u0101 ar\u012b interneta vietnes bernuosta.lv izmanto\u0161anas kontrole un uzlabo\u0161anas organiz\u0113\u0161ana.<\/span><\/p><p><b><i>Personas datu apstr\u0101des m\u0113r\u0137i un tiesiskie pamati<\/i><\/b><\/p><p><span style=\"font-weight: 400;\">5.SIA \u201cB\u0113rnu Osta\u201d apstr\u0101d\u0101 personas datus galvenok\u0101rt \u0161\u0101diem m\u0113r\u0137iem:<\/span><\/p><ul><li style=\"font-weight: 400;\" aria-level=\"1\"><span style=\"font-weight: 400;\">Pakalpojumu un distances l\u012bguma, r\u0113\u0137inu sagatavo\u0161ana, nosl\u0113g\u0161ana un izs\u016bt\u012b\u0161ana.<\/span><\/li><li style=\"font-weight: 400;\" aria-level=\"1\"><span style=\"font-weight: 400;\">Efekt\u012bvu uz\u0146\u0113muma p\u0101rvald\u012bbas procesu nodro\u0161in\u0101\u0161ana.<\/span><\/li><li style=\"font-weight: 400;\" aria-level=\"1\"><span style=\"font-weight: 400;\">Biznesa pl\u0101no\u0161ana un anal\u012btika.<\/span><\/li><li style=\"font-weight: 400;\" aria-level=\"1\"><span style=\"font-weight: 400;\">Person\u0101la atlase un vad\u012bba.<\/span><\/li><li style=\"font-weight: 400;\" aria-level=\"1\"><span style=\"font-weight: 400;\">Pieteikumu izskat\u012b\u0161ana un apstr\u0101de.<\/span><\/li><li style=\"font-weight: 400;\" aria-level=\"1\"><span style=\"font-weight: 400;\">Jaunumu izs\u016bt\u012b\u0161ana.<\/span><\/li><\/ul><ol start=\"6\"><li><span style=\"font-weight: 400;\"> SIA \u201cB\u0113rnu Osta\u201d apstr\u0101d\u0101 personas datus uz \u0161\u0101diem tiesiskajiem pamatiem:<\/span><\/li><\/ol><ul><li style=\"font-weight: 400;\" aria-level=\"1\"><span style=\"font-weight: 400;\">Ar normat\u012bvo aktu noteikta juridisk\u0101 pien\u0101kuma izpilde.<\/span><\/li><li style=\"font-weight: 400;\" aria-level=\"1\"><span style=\"font-weight: 400;\">Le\u0123it\u012bmo intere\u0161u nodro\u0161in\u0101\u0161anai.<\/span><\/li><li style=\"font-weight: 400;\" aria-level=\"1\"><span style=\"font-weight: 400;\">L\u012bguma nosl\u0113g\u0161anai vai izpildei.<\/span><\/li><li style=\"font-weight: 400;\" aria-level=\"1\"><span style=\"font-weight: 400;\">Datu subjekta piekri\u0161ana.<\/span><\/li><\/ul><p><b><i>Personas datu glab\u0101\u0161anas ilgums<\/i><\/b><\/p><ol start=\"7\"><li><span style=\"font-weight: 400;\"> SIA \u201cB\u0113rnu Osta\u201d glab\u0101 personas datus atbilsto\u0161i defin\u0113tajiem personas datu apstr\u0101des m\u0113r\u0137iem un normat\u012bvo aktu pras\u012bb\u0101m, kam\u0113r past\u0101v vismaz viens no \u0161iem krit\u0113rijiem:<\/span><\/li><\/ol><ul><li style=\"font-weight: 400;\" aria-level=\"1\"><span style=\"font-weight: 400;\">kam\u0113r \u0101r\u0113jos normat\u012bvajos aktos noteiktaj\u0101 k\u0101rt\u012bb\u0101 SIA \u201cB\u0113rnu Osta\u201d var realiz\u0113t savas le\u0123it\u012bm\u0101s intereses;<\/span><\/li><li style=\"font-weight: 400;\" aria-level=\"1\"><span style=\"font-weight: 400;\">kam\u0113r SIA \u201cB\u0113rnu Osta\u201d past\u0101v juridisks pien\u0101kums datus glab\u0101t saska\u0146\u0101 ar normat\u012bvajiem aktiem;<\/span><\/li><li style=\"font-weight: 400;\" aria-level=\"1\"><span style=\"font-weight: 400;\">kam\u0113r ir sp\u0113k\u0101 datu subjekta piekri\u0161ana attiec\u012bgai personas datu apstr\u0101dei, ja nepast\u0101v cits datu apstr\u0101des likum\u012bgs pamats.<\/span><\/li><\/ul><p><b><i>S\u012bkdatnes<\/i><\/b><\/p><ol start=\"8\"><li><span style=\"font-weight: 400;\"> S\u012bkdatnes ir teksta datnes, kas tiek ievietotas m\u0101jaslapas lietot\u0101ja datora p\u0101rl\u016bkprogramm\u0101, lai uzlabotu m\u0101jaslapas darb\u012bbu. Saglab\u0101tas s\u012bkdatnes \u013cauj mums atpaz\u012bt j\u016bsu datoru. Atk\u0101rtoti apmekl\u0113jot SIA \u201cB\u0113rnu Osta\u201d m\u0101jaslapu un, izmantojot tikai ar paroli pieejamas m\u0101jaslapas sada\u013cas, s\u012bkdatnes \u013cauj izvair\u012bties no atk\u0101rtotas datu ievades.<\/span><\/li><\/ol><p><b><i>K\u0101p\u0113c SIA <\/i><\/b><b><i>\u201cB\u0113rnu Osta\u201d <\/i><\/b><b><i>izmanto s\u012bkdatnes?<\/i><\/b><\/p><ol start=\"9\"><li><span style=\"font-weight: 400;\"> SIA \u201cB\u0113rnu Osta\u201d izmanto s\u012bkdatnes \u0161\u0101diem m\u0113r\u0137iem:<\/span><\/li><\/ol><ul><li style=\"font-weight: 400;\" aria-level=\"1\"><span style=\"font-weight: 400;\">sesiju p\u0101rvald\u012bba un lietot\u0101ju autentifik\u0101cija;<\/span><\/li><li style=\"font-weight: 400;\" aria-level=\"1\"><span style=\"font-weight: 400;\">m\u0101jaslapas funkcionalit\u0101tes nodro\u0161in\u0101\u0161ana;<\/span><\/li><li style=\"font-weight: 400;\" aria-level=\"1\"><span style=\"font-weight: 400;\">statistikas datu ieg\u016b\u0161ana par lapas apmekl\u0113t\u0101ju pl\u016bsmu \u2013 apmekl\u0113t\u0101ju skaits, lap\u0101 pavad\u012btais laiks;<\/span><\/li><li style=\"font-weight: 400;\" aria-level=\"1\"><span style=\"font-weight: 400;\">t\u012bmek\u013ca vietnes darb\u012bbas efektivit\u0101tes uzlabo\u0161ana.<\/span><\/li><\/ul><ol start=\"10\"><li><span style=\"font-weight: 400;\"> S\u012bkdat\u0146u ietvaros veikt\u0101s personas datu apstr\u0101des tiesiskais pamats ir SIA \u201cB\u0113rnu Osta\u201d le\u0123it\u012bm\u0101s intereses.<\/span><\/li><li><span style=\"font-weight: 400;\"> SIA \u201cB\u0113rnu Osta\u201d neizmanto s\u012bkdatnes, lai veiktu lietot\u0101ju paradumu izseko\u0161anu, t\u0101p\u0113c SIA \u201cB\u0113rnu Osta\u201d inform\u0113 par s\u012bkdat\u0146u izmanto\u0161anu, bet neprasa J\u016bsu piekri\u0161anu s\u012bkdat\u0146u ievieto\u0161anai atbilsto\u0161i likuma pras\u012bb\u0101m.<\/span><\/li><li><span style=\"font-weight: 400;\"> SIA \u201cB\u0113rnu Osta\u201d nesaista lietot\u0101ja IP adresi un e-pasta adresi ar datiem, kas \u013cauj identific\u0113t \u0161o lietot\u0101ju. Tas noz\u012bm\u0113, ka katra lietot\u0101ja sesija tiks re\u0123istr\u0113ta, ta\u010du interneta vietnes bernuosta.lv lietot\u0101js paliks anon\u012bms.<\/span><\/li><\/ol><p><b><i>Tre\u0161o personu s\u012bkdatnes<\/i><\/b><\/p><ol start=\"13\"><li><span style=\"font-weight: 400;\"> SIA \u201cB\u0113rnu Osta\u201d m\u0101jaslap\u0101 var b\u016bt tre\u0161o personu s\u012bkdatnes, it \u012bpa\u0161i, Google Analytics. Google Analytics r\u012bku nodro\u0161ina Google Inc. (ASV uz\u0146\u0113mums), kuram ir piek\u013cuve \u0161\u012b r\u012bka v\u0101ktajiem statistikas datiem.<\/span><\/li><\/ol><p><b><i>S\u012bkdat\u0146u kontrole<\/i><\/b><\/p><ol start=\"14\"><li><span style=\"font-weight: 400;\"> Datu subjekts var dz\u0113st s\u012bkdatnes p\u0113c savas izv\u0113les (s\u012bk\u0101ka inform\u0101cija \u2013www.youronlinechoices.com\/lv).<\/span><\/li><li><span style=\"font-weight: 400;\"> J\u016bs varat dz\u0113st visas s\u012bkdatnes, kas jau ir saglab\u0101tas J\u016bsu dator\u0101, un var noteikt, lai p\u0101rl\u016bkprogramma ne\u013cauj t\u0101s saglab\u0101t. Bet t\u0101d\u0101 gad\u012bjum\u0101 ir manu\u0101li j\u0101nor\u0101da izv\u0113le katru reizi, kad apmekl\u0113jat vietni, un da\u017ei pakalpojumi un m\u0101jaslapas funkcijas var nedarboties.<\/span><\/li><\/ol><p><b><i>Personas datu sa\u0146\u0113m\u0113ji<\/i><\/b><\/p><ol start=\"16\"><li><span style=\"font-weight: 400;\"> Likum\u0101 noteiktos gad\u012bjumos SIA \u201cB\u0113rnu Osta\u201d var nodot inform\u0101ciju tre\u0161aj\u0101m person\u0101m. T\u0101pat SIA \u201cB\u0113rnu Osta\u201d var izmantot \u0101rpakalpojumus, lai nodro\u0161in\u0101tu efekt\u012bv\u0101ku savu funkciju veik\u0161anu.<\/span><\/li><li><span style=\"font-weight: 400;\"> SIA \u201cB\u0113rnu Osta\u201d interneta vietn\u0113 bernuosta.lv apkopotos un uzkr\u0101tos datus informat\u012bvos nol\u016bkos un statistikas veik\u0161anas nol\u016bkos ir ties\u012bga nodot ar\u012b citiem uz\u0146\u0113mumiem.\u00a0DATI, KAS \u013bAUTU IDENTIFIC\u0112T PERSONU, \u0160AJ\u0100 PROCES\u0100 NETIEK ATKL\u0100TI UN NETIEK NODOTI TRE\u0160AJ\u0100M PERSON\u0100M.<\/span><\/li><li><span style=\"font-weight: 400;\"> Personas dati netiek nodoti uz tre\u0161aj\u0101m valst\u012bm.<\/span><\/li><\/ol><p><b><i>Piek\u013cuve saviem personas datiem un citas datu subjekta ties\u012bbas<\/i><\/b><\/p><ol start=\"19\"><li><span style=\"font-weight: 400;\"> Lai sa\u0146emtu inform\u0101ciju par personas datiem, kurus SIA \u201cB\u0113rnu Osta\u201d par Jums apstr\u0101d\u0101, Jums ir j\u0101iesniedz iesniegums:<\/span><\/li><\/ol><ul><li style=\"font-weight: 400;\" aria-level=\"1\"><span style=\"font-weight: 400;\">rakstveid\u0101 iesniedzot SIA \u201cB\u0113rnu Osta\u201d biroj\u0101 Katr\u012bnas dambis 22-31, R\u012bga, LV-1045,\u00a0uzr\u0101dot personu apliecino\u0161u dokumentu.<\/span><\/li><\/ul><ol start=\"20\"><li><span style=\"font-weight: 400;\"> Datu subjektam ir ties\u012bbas piepras\u012bt personas datu dz\u0113\u0161anu, personas datu apstr\u0101des ierobe\u017eo\u0161anu, iebilst pret personas datu apstr\u0101di, l\u016bgt personas datu labo\u0161anu atbilsto\u0161i Regulas noteikumiem.<\/span><\/li><li><span style=\"font-weight: 400;\"> SIA \u201cB\u0113rnu Osta\u201d veic sazi\u0146u ar datu subjektu, izmantojot datu subjekta nor\u0101d\u012bto kontaktinform\u0101ciju (telefona numuru, e-pasta adresi, adresi).<\/span><\/li><li><span style=\"font-weight: 400;\"> Ja Jums \u0161\u0137iet, ka J\u016bsu ties\u012bbas uz personas datu aizsardz\u012bbu ir p\u0101rk\u0101ptas, J\u016bs varat iesniegt s\u016bdz\u012bbu personas datu uzraudz\u012bbas iest\u0101dei.<\/span><\/li><\/ol><p><b><i>Ties\u012bbas atsaukt piekri\u0161anu<\/i><\/b><\/p><ol start=\"23\"><li><span style=\"font-weight: 400;\"> Ja personas datu apstr\u0101de ir uzs\u0101kta un notiek saska\u0146\u0101 ar datu subjekta piekri\u0161anu, datu subjektam ir ties\u012bbas to atsaukt, s\u016btot atsaukumu uz e-pastu:\u00a0<\/span><a href=\"mailto:info@bernuosta.lv\"><span style=\"font-weight: 400;\">info@bernuosta.lv<\/span><\/a><\/li><li><span style=\"font-weight: 400;\"> Piekri\u0161anas atsaukums neietekm\u0113 datu apstr\u0101des, kuras veiktas taj\u0101 laik\u0101, kad Klienta piekri\u0161ana bija sp\u0113k\u0101. Atsaucot piekri\u0161anu, nevar tikt p\u0101rtraukta datu apstr\u0101de, kuru veic, pamatojoties uz citiem tiesiskajiem pamatiem.<\/span><\/li><li><span style=\"font-weight: 400;\"> Lietot\u0101jam ir ties\u012bbas dz\u0113st savu profilu, par to ats\u016btot piepras\u012bjumu uz e-pastu: <\/span><a href=\"mailto:info@bernuosta.lv\"><span style=\"font-weight: 400;\">info@bernuosta.lv<\/span><\/a><span style=\"font-weight: 400;\">. \u0160\u0101d\u0101 gad\u012bjum\u0101 piepras\u012bjums tiek pie\u0146emts tikai, ja tas nos\u016bt\u012bts no t\u0101 pa\u0161a e-pasta, uz kuru re\u0123istr\u0113ts lietot\u0101ja profils.<\/span><\/li><\/ol><p><b><i>Izmai\u0146as Priv\u0101tuma politik\u0101<\/i><\/b><\/p><ol start=\"26\"><li><span style=\"font-weight: 400;\"> SIA \u201cB\u0113rnu Osta\u201d ir ties\u012bbas jebkur\u0101 br\u012bd\u012b veikt izmai\u0146as, kuras tiek public\u0113tas interneta vietn\u0113 bernuosta.lv.<\/span><\/li><\/ol>\t\t\t\t\t\t\t\t<\/div>\n\t\t\t\t<\/div>\n\t\t\t\t\t<\/div>\n\t\t<\/div>\n\t\t\t\t\t<\/div>\n\t\t<\/section>\n\t\t\t\t<\/div>","protected":false},"excerpt":{"rendered":"<p>Priv\u0101tuma politika Priv\u0101tuma politika SIA \u201cB\u0113rnu Osta\u201d (re\u0123istr\u0113ts Latvijas Republikas Uz\u0146\u0113mumu re\u0123istr\u0101, re\u0123.nr. 40203309789, juridisk\u0101 adrese: Katr\u012bnas dambis 22-31, R\u012bga, LV-1045), ir P\u0101rzinis, kas izpilda Eiropas Savien\u012bbas Visp\u0101r\u012bg\u0101s datu aizsardz\u012bbas regulas Nr.2016\/679 pras\u012bbas Latvij\u0101. \u0160\u012b Priv\u0101tuma politika izskaidro, k\u0101 SIA \u201cB\u0113rnu Osta\u201d apstr\u0101d\u0101 personas datus, kad tiek izmantoti uz\u0146\u0113muma pakalpojumi. \u0160\u012b politika attiecas uz visa [&hellip;]<\/p>\n","protected":false},"author":1,"featured_media":0,"parent":0,"menu_order":0,"comment_status":"closed","ping_status":"closed","template":"elementor_header_footer","meta":{"footnotes":""},"class_list":["post-973","page","type-page","status-publish","hentry"],"_links":{"self":[{"href":"https:\/\/bernuosta.lv\/ru\/wp-json\/wp\/v2\/pages\/973","targetHints":{"allow":["GET"]}}],"collection":[{"href":"https:\/\/bernuosta.lv\/ru\/wp-json\/wp\/v2\/pages"}],"about":[{"href":"https:\/\/bernuosta.lv\/ru\/wp-json\/wp\/v2\/types\/page"}],"author":[{"embeddable":true,"href":"https:\/\/bernuosta.lv\/ru\/wp-json\/wp\/v2\/users\/1"}],"replies":[{"embeddable":true,"href":"https:\/\/bernuosta.lv\/ru\/wp-json\/wp\/v2\/comments?post=973"}],"version-history":[{"count":0,"href":"https:\/\/bernuosta.lv\/ru\/wp-json\/wp\/v2\/pages\/973\/revisions"}],"wp:attachment":[{"href":"https:\/\/bernuosta.lv\/ru\/wp-json\/wp\/v2\/media?parent=973"}],"curies":[{"name":"wp","href":"https:\/\/api.w.org\/{rel}","templated":true}]}}