{"id":971,"date":"2021-02-16T20:39:25","date_gmt":"2021-02-16T18:39:25","guid":{"rendered":"https:\/\/bernuosta.lv\/?page_id=971"},"modified":"2021-04-01T10:30:25","modified_gmt":"2021-04-01T07:30:25","slug":"buj","status":"publish","type":"page","link":"https:\/\/bernuosta.lv\/ru\/buj\/","title":{"rendered":"Bie\u017e\u0101k uzdotie jaut\u0101jumi"},"content":{"rendered":"<div data-elementor-type=\"wp-page\" data-elementor-id=\"971\" class=\"elementor elementor-971\" data-elementor-post-type=\"page\">\n\t\t\t\t\t\t<section class=\"elementor-section elementor-top-section elementor-element elementor-element-838c55b elementor-section-boxed elementor-section-height-default elementor-section-height-default\" data-id=\"838c55b\" data-element_type=\"section\" data-e-type=\"section\">\n\t\t\t\t\t\t<div class=\"elementor-container elementor-column-gap-default\">\n\t\t\t\t\t<div class=\"elementor-column elementor-col-100 elementor-top-column elementor-element elementor-element-9470cf7\" data-id=\"9470cf7\" data-element_type=\"column\" data-e-type=\"column\">\n\t\t\t<div class=\"elementor-widget-wrap elementor-element-populated\">\n\t\t\t\t\t\t<div class=\"elementor-element elementor-element-51dfa4d elementor-widget elementor-widget-heading\" data-id=\"51dfa4d\" data-element_type=\"widget\" data-e-type=\"widget\" data-widget_type=\"heading.default\">\n\t\t\t\t<div class=\"elementor-widget-container\">\n\t\t\t\t\t<h1 class=\"elementor-heading-title elementor-size-default\">Bie\u017e\u0101k uzdotie jaut\u0101jumi<\/h1>\t\t\t\t<\/div>\n\t\t\t\t<\/div>\n\t\t\t\t<div class=\"elementor-element elementor-element-1d065a3 elementor-widget elementor-widget-text-editor\" data-id=\"1d065a3\" data-element_type=\"widget\" data-e-type=\"widget\" data-widget_type=\"text-editor.default\">\n\t\t\t\t<div class=\"elementor-widget-container\">\n\t\t\t\t\t\t\t\t\t<h4><strong><span style=\"color: #24ace3;\">PIETEIK\u0160AN\u0100S<\/span><\/strong><\/h4><p><b>1. K\u0101 notiek uz\u0146em\u0161anas process?<\/b><br \/>&#8211; Vec\u0101ks sazvan\u0101s ar vad\u012bt\u0101ju, lai norun\u0101tu tik\u0161an\u0101s laiku.<br \/>&#8211; Tik\u0161an\u0101s laik\u0101 ir iesp\u0113ja iepaz\u012bties ar b\u0113rnud\u0101rzu, audzin\u0101t\u0101j\u0101m, nodarb\u012bbu gaitu, draudz\u012bgo vidi un citiem svar\u012bgiem aspektiem, kas \u013cauj<br \/>pie\u0146emt l\u0113mumu, vai s\u016bt\u012bt savu b\u0113rnu b\u0113rnud\u0101rz\u0101 &#8220;B\u0113rnu osta&#8221;.<br \/>&#8211; Pie\u0146emot l\u0113mumu iest\u0101ties, vec\u0101kam j\u0101uzraksta iesniegums<br \/>&#8211; Pieteik\u0161an\u0101s proces\u0101 vec\u0101kam l\u016bdzam ar\u012b aizpild\u012bt anketu (b\u0113rna aler\u0123ijas, \u0113\u0161anas paradumi u.c.), kas \u013cauj noteikt svar\u012bgas deta\u013cas, lai<br \/>tiktu nodro\u0161in\u0101ti piem\u0113roti apst\u0101k\u013ci un pilnv\u0113rt\u012bga b\u0113rna apr\u016bpe.<br \/>&#8211; Tiek sagatavots un parakst\u012bts l\u012bgums<br \/>&#8211; B\u0113rns var uzs\u0101kt savas att\u012bst\u012bbas gaitas b\u0113rnud\u0101rz\u0101 &#8220;B\u0113rnu osta&#8221;. Ja tas nav izdar\u012bts \u0101tr\u0101k, tad vedot b\u0113rnu uz b\u0113rnud\u0101rzu, oblig\u0101ti<br \/>j\u0101atnes ar\u012b b\u0113rna medic\u012bnisk\u0101 karti\u0146a.<\/p><p><b>2. K\u0101p\u0113c j\u0101maks\u0101 iest\u0101\u0161an\u0101s maksa un cik bie\u017ei tas j\u0101dara?<\/b><br \/>Pie iest\u0101\u0161an\u0101s ir j\u0101maks\u0101 re\u0123istr\u0113\u0161an\u0101s maksa 70 EUR. T\u0101 ir vienreiz\u0113ja iemaksa, kas nosedz visas administrat\u012bv\u0101 izmaksas.<\/p><p><b>3. K\u0101das atlaides ir pieejamas?<\/b><br \/>Re\u0123istr\u0113\u0161an\u0101s atlaide b\u0113rniem no vienas \u0123imenes &#8211; ja b\u0113rnud\u0101rz\u0101 uzreiz tiek s\u016bt\u012bti vair\u0101ki b\u0113rni no vienas \u0123imenes, tiek pie\u0161\u0137irta atlaide re\u0123istr\u0113\u0161an\u0101s maksai (70 EUR). \u0160aj\u0101 gad\u012bjum\u0101 re\u0123istr\u0101cijas maksa ir j\u0101maks\u0101 tikai par vienu b\u0113rnu.<\/p><p><b>4. Cik laic\u012bgi j\u0101piesak\u0101s?<\/b><br \/>M\u0113s iesak\u0101m pieteikties laic\u012bgi &#8211; vismaz pus gadu iepriek\u0161 -, jo m\u0113dz veidoties rindas.<br \/>Protams, gad\u012bjum\u0101, ja b\u0113rnud\u0101rz\u0101 ir br\u012bvas vietas, un ir v\u0113lme b\u0113rnu pieteikt un uzreiz uzs\u0101kt b\u0113rnud\u0101rza gaitas, tas ir iesp\u0113jams.<\/p><p><b>5. Kad ir iesp\u0113jams uzs\u0101kt b\u0113rna gaitas b\u0113rnud\u0101rz\u0101?<\/b><br \/>B\u0113rnu var pieteikt un s\u0101kt apmekl\u0113t b\u0113rnud\u0101rzu visa gada garum\u0101, ar nosac\u012bjumu, ja b\u0113rnud\u0101rz\u0101 ir br\u012bvas vietas. Aicin\u0101m sazin\u0101ties ar mums jebkur\u0101 laik\u0101, lai to noskaidrotu.<\/p><p><b>6. K\u0101 es varu sa\u0146emt pa\u0161vald\u012bbas l\u012bdzfinans\u0113jumu?<\/b><br \/>Pa\u0161vald\u012bbas l\u012bdzfinans\u0113jumu iesp\u0113jams sa\u0146emt, ja:<br \/>&#8211; vismaz viens vec\u0101ks un b\u0113rns ir deklar\u0113jies konkr\u0113taj\u0101 pa\u0161vald\u012bb\u0101;<br \/>&#8211; b\u0113rnam ir vismaz viens gads un se\u0161i m\u0113ne\u0161i.<br \/>Ja esat deklar\u0113jies R\u012bgas un M\u0101rupes pa\u0161vald\u012bb\u0101, tad, uzrakstot iesniegumu par b\u0113rna uz\u0146em\u0161anu b\u0113rnud\u0101rz\u0101 &#8220;B\u0113rnu osta&#8221;, m\u0113s pa\u0161i uzreiz veicam b\u0113rna re\u0123istr\u0113\u0161anu sist\u0113m\u0101, lai tiktu pie\u0161\u0137irts l\u012bdzfinans\u0113jums.<br \/>Gad\u012bjum\u0101, ja deklar\u0101cija ir cit\u0101 pa\u0161vald\u012bb\u0101, tad vec\u0101kam pa\u0161am ir j\u0101raksta iesniegums ar l\u016bgumu pie\u0161\u0137irt l\u012bdzfinans\u0113jumu sav\u0101 pa\u0161vald\u012bb\u0101, tom\u0113r katr\u0101 pa\u0161vald\u012bb\u0101 \u0161ie noteikumi at\u0161\u0137iras, t\u0101p\u0113c l\u016bgums l\u012bdzfinans\u0113juma pie\u0161\u0137ir\u0161anas k\u0101rt\u012bbu preciz\u0113t atbilsto\u0161\u0101s pa\u0161vald\u012bbas izgl\u012bt\u012bbas noda\u013c\u0101\/departament\u0101.<\/p><p>S\u012bk\u0101ku inform\u0101ciju par J\u016bsu iesp\u0113j\u0101m un visu nepiecie\u0161amo, lai sa\u0146emtu l\u012bdzfinans\u0113jumu, m\u0113s paskaidrosim uz vietas pie pieteik\u0161an\u0101s.<\/p><p><b>7. Ko nepiecie\u0161ams \u0146emt l\u012bdzi, dodoties pieteikties?<\/b><br \/>N\u0101kot pieteikties, l\u012bdzi j\u0101\u0146em:<br \/>&#8211; Vec\u0101ka un b\u0113rna personu apliecino\u0161s dokuments<br \/>&#8211; Dzim\u0161anas apliec\u012bbas kopija<br \/>&#8211; B\u0113rna medic\u012bnisk\u0101 karte (veidlapa Nr. 026\/u) &#8211; to bez maksas izsniedz \u0123imenes \u0101rsts<br \/>(j\u0101b\u016bt iesniegtai b\u0113rnud\u0101rz\u0101 l\u012bdz b\u0113rna pirmajai apmekl\u0113juma dienai)<\/p><h4><strong><span style=\"color: #24ace3;\">NODARB\u012aBAS<\/span><\/strong><\/h4><p><b>1. K\u0101 norit nodarb\u012bbas?<\/b><br \/>Katra nodarb\u012bba ies\u0101kas ar skaidrojumu no audzin\u0101t\u0101jas puses par to, kas ir paredz\u0113ts un k\u0101 viss notiks. P\u0101rsvar\u0101 t\u0101 ir darbo\u0161an\u0101s visiem kop\u0101 un katram atsevi\u0161\u0137i darot da\u017e\u0101das lietas, kas att\u012bsta gan fizisko \u0137ermeni, gan pr\u0101tu un analiz\u0113\u0161anas sp\u0113ju, gan lo\u0123isko dom\u0101\u0161anu. Nodarb\u012bbas laik\u0101 audzin\u0101t\u0101ja r\u016bp\u012bgi uzklausa katra b\u0113rna viedokli, idejas, apl\u016bko un apsprie\u017e individu\u0101li katra b\u0113rna veikumu un rezult\u0101tu, k\u0101 ar\u012b visi kop\u0101 apmain\u0101s ar idej\u0101m un sniedz pal\u012bdz\u012bgu roku, ja tas nepiecie\u0161ams. B\u0113rni tiek aicin\u0101ti izpausties un br\u012bvi darboties konkr\u0113t\u0101 t\u0113m\u0101, kas tobr\u012bd tiek apg\u016bta. Tiek veicin\u0101tas diskusijas un sadarb\u012bba.<\/p><p><b>2. K\u0101das papildu nodarb\u012bbas b\u0113rnud\u0101rzs pied\u0101v\u0101 saviem audz\u0113k\u0146iem?<\/b><br \/>B\u0113rnud\u0101rzs &#8220;B\u0113rnu osta&#8221; papildu nodarb\u012bbu kl\u0101sts var b\u016bt \u013coti daudzveid\u012bgs, iepriek\u0161 vienojoties ar vec\u0101kiem un uzklausot vi\u0146u v\u0113lmes. T\u0101 var b\u016bt jebkura valoda, vai kas akt\u012bv\u0101ks, atliek tikai kop\u012bgi vienoties.<br \/>Parasti papildu nodarb\u012bbas tiek pl\u0101notas p\u0113cpusdien\u0101.<\/p><h4><strong><span style=\"color: #24ace3;\">PAS\u0100KUMI<\/span><\/strong><\/h4><p><b>1. K\u0101di sv\u0113tki tiek svin\u0113ti?<\/b><br \/>B\u0113rniem \u013coti pat\u012bk svin\u0113t, t\u0101p\u0113c m\u0113s svinam katra grupas biedra dzim\u0161anas dienu un v\u0101rda dienu, k\u0101 ar\u012b visus tradicion\u0101los sv\u0113tkus.<\/p><p><b>2. Kuros pas\u0101kumos ir iesp\u0113ja piedal\u012bties ar\u012b vec\u0101kiem?<\/b><br \/>Ar\u012b vec\u0101kiem ir iesp\u0113ja piedal\u012bties pas\u0101kumos, skatoties b\u0113rnu sagatavotos priek\u0161nesumus un uzvedumus. Parasti gad\u0101 t\u0101s ir divas reizes &#8211; tiek r\u012bkots Ziemassv\u0113tku koncerts, k\u0101 ar\u012b m\u0101mi\u0146dienas koncerts, uz kuru tiek aicin\u0101ti ar\u012b vec\u0101ki.<\/p><h4><strong><span style=\"color: #24ace3;\">CITI JAUT\u0100JUMI<\/span><\/strong><\/h4><p><b>1. Ko nepiecie\u0161ams \u0146emt b\u0113rnam l\u012bdzi uz b\u0113rnud\u0101rzu?<\/b><br \/>Par \u0161o inform\u0101cija sekos v\u0113l\u0101k<\/p>\t\t\t\t\t\t\t\t<\/div>\n\t\t\t\t<\/div>\n\t\t\t\t\t<\/div>\n\t\t<\/div>\n\t\t\t\t\t<\/div>\n\t\t<\/section>\n\t\t\t\t<\/div>","protected":false},"excerpt":{"rendered":"<p>Bie\u017e\u0101k uzdotie jaut\u0101jumi PIETEIK\u0160AN\u0100S 1. K\u0101 notiek uz\u0146em\u0161anas process?&#8211; Vec\u0101ks sazvan\u0101s ar vad\u012bt\u0101ju, lai norun\u0101tu tik\u0161an\u0101s laiku.&#8211; Tik\u0161an\u0101s laik\u0101 ir iesp\u0113ja iepaz\u012bties ar b\u0113rnud\u0101rzu, audzin\u0101t\u0101j\u0101m, nodarb\u012bbu gaitu, draudz\u012bgo vidi un citiem svar\u012bgiem aspektiem, kas \u013caujpie\u0146emt l\u0113mumu, vai s\u016bt\u012bt savu b\u0113rnu b\u0113rnud\u0101rz\u0101 &#8220;B\u0113rnu osta&#8221;.&#8211; Pie\u0146emot l\u0113mumu iest\u0101ties, vec\u0101kam j\u0101uzraksta iesniegums&#8211; Pieteik\u0161an\u0101s proces\u0101 vec\u0101kam l\u016bdzam ar\u012b aizpild\u012bt [&hellip;]<\/p>\n","protected":false},"author":1,"featured_media":0,"parent":0,"menu_order":0,"comment_status":"closed","ping_status":"closed","template":"elementor_header_footer","meta":{"footnotes":""},"class_list":["post-971","page","type-page","status-publish","hentry"],"_links":{"self":[{"href":"https:\/\/bernuosta.lv\/ru\/wp-json\/wp\/v2\/pages\/971","targetHints":{"allow":["GET"]}}],"collection":[{"href":"https:\/\/bernuosta.lv\/ru\/wp-json\/wp\/v2\/pages"}],"about":[{"href":"https:\/\/bernuosta.lv\/ru\/wp-json\/wp\/v2\/types\/page"}],"author":[{"embeddable":true,"href":"https:\/\/bernuosta.lv\/ru\/wp-json\/wp\/v2\/users\/1"}],"replies":[{"embeddable":true,"href":"https:\/\/bernuosta.lv\/ru\/wp-json\/wp\/v2\/comments?post=971"}],"version-history":[{"count":0,"href":"https:\/\/bernuosta.lv\/ru\/wp-json\/wp\/v2\/pages\/971\/revisions"}],"wp:attachment":[{"href":"https:\/\/bernuosta.lv\/ru\/wp-json\/wp\/v2\/media?parent=971"}],"curies":[{"name":"wp","href":"https:\/\/api.w.org\/{rel}","templated":true}]}}