{"id":623,"date":"2020-11-30T11:06:25","date_gmt":"2020-11-30T09:06:25","guid":{"rendered":"https:\/\/bernuosta.wpengine.com\/?page_id=623"},"modified":"2025-01-21T11:04:38","modified_gmt":"2025-01-21T09:04:38","slug":"jaunumi","status":"publish","type":"page","link":"https:\/\/bernuosta.lv\/ru\/jaunumi\/","title":{"rendered":"Jaunumi"},"content":{"rendered":"<div data-elementor-type=\"wp-page\" data-elementor-id=\"623\" class=\"elementor elementor-623\" data-elementor-post-type=\"page\">\n\t\t\t\t\t\t<section class=\"elementor-section elementor-top-section elementor-element elementor-element-2f4d3df elementor-section-boxed elementor-section-height-default elementor-section-height-default\" data-id=\"2f4d3df\" data-element_type=\"section\" data-e-type=\"section\">\n\t\t\t\t\t\t<div class=\"elementor-container elementor-column-gap-default\">\n\t\t\t\t\t<div class=\"elementor-column elementor-col-100 elementor-top-column elementor-element elementor-element-b9311a7\" data-id=\"b9311a7\" data-element_type=\"column\" data-e-type=\"column\">\n\t\t\t<div class=\"elementor-widget-wrap elementor-element-populated\">\n\t\t\t\t\t\t<div class=\"elementor-element elementor-element-97900a0 elementor-widget elementor-widget-heading\" data-id=\"97900a0\" data-element_type=\"widget\" data-e-type=\"widget\" data-widget_type=\"heading.default\">\n\t\t\t\t<div class=\"elementor-widget-container\">\n\t\t\t\t\t<h2 class=\"elementor-heading-title elementor-size-default\">Jaunumi<\/h2>\t\t\t\t<\/div>\n\t\t\t\t<\/div>\n\t\t\t\t\t<\/div>\n\t\t<\/div>\n\t\t\t\t\t<\/div>\n\t\t<\/section>\n\t\t\t\t<section class=\"elementor-section elementor-top-section elementor-element elementor-element-f9b2e4d elementor-section-boxed elementor-section-height-default elementor-section-height-default\" data-id=\"f9b2e4d\" data-element_type=\"section\" data-e-type=\"section\">\n\t\t\t\t\t\t<div class=\"elementor-container elementor-column-gap-default\">\n\t\t\t\t\t<div class=\"elementor-column elementor-col-100 elementor-top-column elementor-element elementor-element-7851781\" data-id=\"7851781\" data-element_type=\"column\" data-e-type=\"column\">\n\t\t\t<div class=\"elementor-widget-wrap elementor-element-populated\">\n\t\t\t\t\t\t<div class=\"elementor-element elementor-element-7e7ad7f elementor-grid-3 elementor-grid-tablet-2 elementor-grid-mobile-1 elementor-posts--thumbnail-top elementor-card-shadow-yes elementor-posts__hover-gradient elementor-widget elementor-widget-posts\" data-id=\"7e7ad7f\" data-element_type=\"widget\" data-e-type=\"widget\" data-settings=\"{&quot;cards_columns&quot;:&quot;3&quot;,&quot;cards_columns_tablet&quot;:&quot;2&quot;,&quot;cards_columns_mobile&quot;:&quot;1&quot;,&quot;cards_row_gap&quot;:{&quot;unit&quot;:&quot;px&quot;,&quot;size&quot;:35,&quot;sizes&quot;:[]},&quot;cards_row_gap_tablet&quot;:{&quot;unit&quot;:&quot;px&quot;,&quot;size&quot;:&quot;&quot;,&quot;sizes&quot;:[]},&quot;cards_row_gap_mobile&quot;:{&quot;unit&quot;:&quot;px&quot;,&quot;size&quot;:&quot;&quot;,&quot;sizes&quot;:[]}}\" data-widget_type=\"posts.cards\">\n\t\t\t\t<div class=\"elementor-widget-container\">\n\t\t\t\t\t\t\t<div class=\"elementor-posts-container elementor-posts elementor-posts--skin-cards elementor-grid\">\n\t\t\t\t<article class=\"elementor-post elementor-grid-item post-2224 post type-post status-publish format-standard has-post-thumbnail hentry category-dazadi\">\n\t\t\t<div class=\"elementor-post__card\">\n\t\t\t\t<a class=\"elementor-post__thumbnail__link\" href=\"https:\/\/bernuosta.lv\/ru\/emilijas-redzio-pieeja-musu-pirmsskola-berna-radosuma-un-izzinas-cels\/\" tabindex=\"-1\" ><div class=\"elementor-post__thumbnail\"><img fetchpriority=\"high\" decoding=\"async\" width=\"1080\" height=\"800\" src=\"https:\/\/bernuosta.lv\/wp-content\/uploads\/2025\/03\/WhatsApp-Image-2025-02-26-at-16.53.53-1.jpeg\" class=\"attachment-full size-full wp-image-2228\" alt=\"\" srcset=\"https:\/\/bernuosta.lv\/wp-content\/uploads\/2025\/03\/WhatsApp-Image-2025-02-26-at-16.53.53-1.jpeg 1080w, https:\/\/bernuosta.lv\/wp-content\/uploads\/2025\/03\/WhatsApp-Image-2025-02-26-at-16.53.53-1-300x222.jpeg 300w, https:\/\/bernuosta.lv\/wp-content\/uploads\/2025\/03\/WhatsApp-Image-2025-02-26-at-16.53.53-1-1024x759.jpeg 1024w, https:\/\/bernuosta.lv\/wp-content\/uploads\/2025\/03\/WhatsApp-Image-2025-02-26-at-16.53.53-1-768x569.jpeg 768w, https:\/\/bernuosta.lv\/wp-content\/uploads\/2025\/03\/WhatsApp-Image-2025-02-26-at-16.53.53-1-16x12.jpeg 16w\" sizes=\"(max-width: 1080px) 100vw, 1080px\" \/><\/div><\/a>\n\t\t\t\t<div class=\"elementor-post__badge\">Da\u017e\u0101di<\/div>\n\t\t\t\t<div class=\"elementor-post__text\">\n\t\t\t\t<h3 class=\"elementor-post__title\">\n\t\t\t<a href=\"https:\/\/bernuosta.lv\/ru\/emilijas-redzio-pieeja-musu-pirmsskola-berna-radosuma-un-izzinas-cels\/\" >\n\t\t\t\tEm\u012blijas Red\u017eio pieeja m\u016bsu pirmsskol\u0101: b\u0113rna rado\u0161uma un izzi\u0146as ce\u013c\u0161\t\t\t<\/a>\n\t\t<\/h3>\n\t\t\t\t<div class=\"elementor-post__excerpt\">\n\t\t\t<p>M\u016bsdienu pirmsskolas izgl\u012bt\u012bb\u0101 arvien liel\u0101ku noz\u012bmi ieg\u016bst pedago\u0123isk\u0101s metodes, kas veicina b\u0113rna dabisko zin\u0101tk\u0101ri, rado\u0161umu un patst\u0101v\u012bbu. Viena no \u0161\u0101d\u0101m pieej\u0101m ir Em\u012blijas Red\u017eio pedago\u0123ija, ko ar\u012b m\u0113s ar prieku un p\u0101rliec\u012bbu pielietojam sav\u0101 pirmsskol\u0101.<\/p>\n\t\t<\/div>\n\t\t\n\t\t<a class=\"elementor-post__read-more\" href=\"https:\/\/bernuosta.lv\/ru\/emilijas-redzio-pieeja-musu-pirmsskola-berna-radosuma-un-izzinas-cels\/\" aria-label=\"Read more about Em\u012blijas Red\u017eio pieeja m\u016bsu pirmsskol\u0101: b\u0113rna rado\u0161uma un izzi\u0146as ce\u013c\u0161\" tabindex=\"-1\" >\n\t\t\tUzzin\u0101t vair\u0101k \u00bb\t\t<\/a>\n\n\t\t\t\t<\/div>\n\t\t\t\t<div class=\"elementor-post__meta-data\">\n\t\t\t\t\t<span class=\"elementor-post-date\">\n\t\t\t03\/03\/2025\t\t<\/span>\n\t\t\t\t<\/div>\n\t\t\t\t\t<\/div>\n\t\t<\/article>\n\t\t\t\t<article class=\"elementor-post elementor-grid-item post-2184 post type-post status-publish format-standard has-post-thumbnail hentry category-dazadi\">\n\t\t\t<div class=\"elementor-post__card\">\n\t\t\t\t<a class=\"elementor-post__thumbnail__link\" href=\"https:\/\/bernuosta.lv\/ru\/musu-pirma-bernu-ostas-avize-ir-klat\/\" tabindex=\"-1\" ><div class=\"elementor-post__thumbnail\"><img decoding=\"async\" width=\"940\" height=\"788\" src=\"https:\/\/bernuosta.lv\/wp-content\/uploads\/2025\/01\/Pirma-Bernu-Ostas-avize-ir-klat.png\" class=\"attachment-full size-full wp-image-2201\" alt=\"\" srcset=\"https:\/\/bernuosta.lv\/wp-content\/uploads\/2025\/01\/Pirma-Bernu-Ostas-avize-ir-klat.png 940w, https:\/\/bernuosta.lv\/wp-content\/uploads\/2025\/01\/Pirma-Bernu-Ostas-avize-ir-klat-300x251.png 300w, https:\/\/bernuosta.lv\/wp-content\/uploads\/2025\/01\/Pirma-Bernu-Ostas-avize-ir-klat-768x644.png 768w, https:\/\/bernuosta.lv\/wp-content\/uploads\/2025\/01\/Pirma-Bernu-Ostas-avize-ir-klat-14x12.png 14w\" sizes=\"(max-width: 940px) 100vw, 940px\" \/><\/div><\/a>\n\t\t\t\t<div class=\"elementor-post__badge\">Da\u017e\u0101di<\/div>\n\t\t\t\t<div class=\"elementor-post__text\">\n\t\t\t\t<h3 class=\"elementor-post__title\">\n\t\t\t<a href=\"https:\/\/bernuosta.lv\/ru\/musu-pirma-bernu-ostas-avize-ir-klat\/\" >\n\t\t\t\tM\u016bsu pirm\u0101 &#8220;B\u0113rnu ostas&#8221; av\u012bze ir kl\u0101t!\t\t\t<\/a>\n\t\t<\/h3>\n\t\t\t\t<div class=\"elementor-post__excerpt\">\n\t\t\t<p>Ar prieku iepaz\u012bstin\u0101m J\u016bs ar pirmo &#8220;B\u0113rnu ostas&#8221; av\u012bzes izlaidumu! Taj\u0101 atrad\u012bsiet st\u0101stus par m\u016bsu ikdienu, v\u0113rt\u012bgus padomus, iedvesmojo\u0161us mirk\u013cus un daudz skaistu atmi\u0146u no m\u016bsu b\u0113rnud\u0101rza dz\u012bves.<\/p>\n\t\t<\/div>\n\t\t\n\t\t<a class=\"elementor-post__read-more\" href=\"https:\/\/bernuosta.lv\/ru\/musu-pirma-bernu-ostas-avize-ir-klat\/\" aria-label=\"Read more about M\u016bsu pirm\u0101 &#8220;B\u0113rnu ostas&#8221; av\u012bze ir kl\u0101t!\" tabindex=\"-1\" >\n\t\t\tUzzin\u0101t vair\u0101k \u00bb\t\t<\/a>\n\n\t\t\t\t<\/div>\n\t\t\t\t<div class=\"elementor-post__meta-data\">\n\t\t\t\t\t<span class=\"elementor-post-date\">\n\t\t\t23\/01\/2025\t\t<\/span>\n\t\t\t\t<\/div>\n\t\t\t\t\t<\/div>\n\t\t<\/article>\n\t\t\t\t<article class=\"elementor-post elementor-grid-item post-2162 post type-post status-publish format-standard has-post-thumbnail hentry category-dazadi\">\n\t\t\t<div class=\"elementor-post__card\">\n\t\t\t\t<a class=\"elementor-post__thumbnail__link\" href=\"https:\/\/bernuosta.lv\/ru\/pozitivas-audzinasanas-metodes-pirmsskola-bernu-osta-un-ieteikumi-vecakiem\/\" tabindex=\"-1\" ><div class=\"elementor-post__thumbnail\"><img decoding=\"async\" width=\"1920\" height=\"1277\" src=\"https:\/\/bernuosta.lv\/wp-content\/uploads\/2025\/01\/BOBD-006.jpg\" class=\"attachment-full size-full wp-image-2153\" alt=\"\" srcset=\"https:\/\/bernuosta.lv\/wp-content\/uploads\/2025\/01\/BOBD-006.jpg 1920w, https:\/\/bernuosta.lv\/wp-content\/uploads\/2025\/01\/BOBD-006-300x200.jpg 300w, https:\/\/bernuosta.lv\/wp-content\/uploads\/2025\/01\/BOBD-006-1024x681.jpg 1024w, https:\/\/bernuosta.lv\/wp-content\/uploads\/2025\/01\/BOBD-006-768x511.jpg 768w, https:\/\/bernuosta.lv\/wp-content\/uploads\/2025\/01\/BOBD-006-1536x1022.jpg 1536w, https:\/\/bernuosta.lv\/wp-content\/uploads\/2025\/01\/BOBD-006-18x12.jpg 18w\" sizes=\"(max-width: 1920px) 100vw, 1920px\" \/><\/div><\/a>\n\t\t\t\t<div class=\"elementor-post__badge\">Da\u017e\u0101di<\/div>\n\t\t\t\t<div class=\"elementor-post__text\">\n\t\t\t\t<h3 class=\"elementor-post__title\">\n\t\t\t<a href=\"https:\/\/bernuosta.lv\/ru\/pozitivas-audzinasanas-metodes-pirmsskola-bernu-osta-un-ieteikumi-vecakiem\/\" >\n\t\t\t\tPozit\u012bv\u0101s audzin\u0101\u0161anas metodes pirmsskol\u0101 \u201cB\u0113rnu osta\u201d un ieteikumi vec\u0101kiem\t\t\t<\/a>\n\t\t<\/h3>\n\t\t\t\t<div class=\"elementor-post__excerpt\">\n\t\t\t<p>Be\u0304rni vislaba\u0304k atti\u0304sta\u0304s vide\u0304, kura\u0304 valda poziti\u0304va, cien\u0327pilna un mi\u0304lesti\u0304bas pilna attieksme. Mu\u0304su darba pamata\u0304 ir poziti\u0304va\u0304s audzina\u0304s\u030canas metodes, kas veicina be\u0304rnu emociona\u0304lo intelig\u0327enci, pas\u030capzin\u0327u un socia\u0304la\u0304s prasmes.<\/p>\n\t\t<\/div>\n\t\t\n\t\t<a class=\"elementor-post__read-more\" href=\"https:\/\/bernuosta.lv\/ru\/pozitivas-audzinasanas-metodes-pirmsskola-bernu-osta-un-ieteikumi-vecakiem\/\" aria-label=\"Read more about Pozit\u012bv\u0101s audzin\u0101\u0161anas metodes pirmsskol\u0101 \u201cB\u0113rnu osta\u201d un ieteikumi vec\u0101kiem\" tabindex=\"-1\" >\n\t\t\tUzzin\u0101t vair\u0101k \u00bb\t\t<\/a>\n\n\t\t\t\t<\/div>\n\t\t\t\t<div class=\"elementor-post__meta-data\">\n\t\t\t\t\t<span class=\"elementor-post-date\">\n\t\t\t21\/01\/2025\t\t<\/span>\n\t\t\t\t<\/div>\n\t\t\t\t\t<\/div>\n\t\t<\/article>\n\t\t\t\t<article class=\"elementor-post elementor-grid-item post-2129 post type-post status-publish format-standard has-post-thumbnail hentry category-dazadi\">\n\t\t\t<div class=\"elementor-post__card\">\n\t\t\t\t<a class=\"elementor-post__thumbnail__link\" href=\"https:\/\/bernuosta.lv\/ru\/ka-veicinat-berna-socialas-prasmes-pirmsskolas-vecuma\/\" tabindex=\"-1\" ><div class=\"elementor-post__thumbnail\"><img loading=\"lazy\" decoding=\"async\" width=\"1080\" height=\"1350\" src=\"https:\/\/bernuosta.lv\/wp-content\/uploads\/2024\/12\/Untitled-design.png\" class=\"attachment-full size-full wp-image-2118\" alt=\"\" srcset=\"https:\/\/bernuosta.lv\/wp-content\/uploads\/2024\/12\/Untitled-design.png 1080w, https:\/\/bernuosta.lv\/wp-content\/uploads\/2024\/12\/Untitled-design-240x300.png 240w, https:\/\/bernuosta.lv\/wp-content\/uploads\/2024\/12\/Untitled-design-819x1024.png 819w, https:\/\/bernuosta.lv\/wp-content\/uploads\/2024\/12\/Untitled-design-768x960.png 768w, https:\/\/bernuosta.lv\/wp-content\/uploads\/2024\/12\/Untitled-design-10x12.png 10w\" sizes=\"(max-width: 1080px) 100vw, 1080px\" \/><\/div><\/a>\n\t\t\t\t<div class=\"elementor-post__badge\">Da\u017e\u0101di<\/div>\n\t\t\t\t<div class=\"elementor-post__text\">\n\t\t\t\t<h3 class=\"elementor-post__title\">\n\t\t\t<a href=\"https:\/\/bernuosta.lv\/ru\/ka-veicinat-berna-socialas-prasmes-pirmsskolas-vecuma\/\" >\n\t\t\t\tK\u0101 veicin\u0101t b\u0113rna soci\u0101l\u0101s prasmes pirmsskolas vecum\u0101?\t\t\t<\/a>\n\t\t<\/h3>\n\t\t\t\t<div class=\"elementor-post__excerpt\">\n\t\t\t<p>Pirmsskolas vecum\u0101 veidojas b\u0113rna pirm\u0101s soci\u0101l\u0101s prasmes, kas b\u016bs pamats veiksm\u012bgai komunik\u0101cijai un sadarb\u012bbai n\u0101kotn\u0113. M\u0113s, \u201cB\u0113rnu ost\u0101\u201d, redzam, cik svar\u012bgi ir pal\u012bdz\u0113t b\u0113rnam att\u012bst\u012bt sp\u0113ju draudz\u0113ties, dal\u012bties, klaus\u012bties un sadarboties ar citiem.<\/p>\n\t\t<\/div>\n\t\t\n\t\t<a class=\"elementor-post__read-more\" href=\"https:\/\/bernuosta.lv\/ru\/ka-veicinat-berna-socialas-prasmes-pirmsskolas-vecuma\/\" aria-label=\"Read more about K\u0101 veicin\u0101t b\u0113rna soci\u0101l\u0101s prasmes pirmsskolas vecum\u0101?\" tabindex=\"-1\" >\n\t\t\tUzzin\u0101t vair\u0101k \u00bb\t\t<\/a>\n\n\t\t\t\t<\/div>\n\t\t\t\t<div class=\"elementor-post__meta-data\">\n\t\t\t\t\t<span class=\"elementor-post-date\">\n\t\t\t10\/12\/2024\t\t<\/span>\n\t\t\t\t<\/div>\n\t\t\t\t\t<\/div>\n\t\t<\/article>\n\t\t\t\t<article class=\"elementor-post elementor-grid-item post-1495 post type-post status-publish format-standard has-post-thumbnail hentry category-dazadi\">\n\t\t\t<div class=\"elementor-post__card\">\n\t\t\t\t<a class=\"elementor-post__thumbnail__link\" href=\"https:\/\/bernuosta.lv\/ru\/ka-sagatavoties-pirmajai-dienai-bernudarza\/\" tabindex=\"-1\" ><div class=\"elementor-post__thumbnail\"><img loading=\"lazy\" decoding=\"async\" width=\"1080\" height=\"1350\" src=\"https:\/\/bernuosta.lv\/wp-content\/uploads\/2022\/08\/BO_Infografika-1.png\" class=\"attachment-full size-full wp-image-1497\" alt=\"\" srcset=\"https:\/\/bernuosta.lv\/wp-content\/uploads\/2022\/08\/BO_Infografika-1.png 1080w, https:\/\/bernuosta.lv\/wp-content\/uploads\/2022\/08\/BO_Infografika-1-240x300.png 240w, https:\/\/bernuosta.lv\/wp-content\/uploads\/2022\/08\/BO_Infografika-1-819x1024.png 819w, https:\/\/bernuosta.lv\/wp-content\/uploads\/2022\/08\/BO_Infografika-1-768x960.png 768w, https:\/\/bernuosta.lv\/wp-content\/uploads\/2022\/08\/BO_Infografika-1-10x12.png 10w\" sizes=\"(max-width: 1080px) 100vw, 1080px\" \/><\/div><\/a>\n\t\t\t\t<div class=\"elementor-post__badge\">Da\u017e\u0101di<\/div>\n\t\t\t\t<div class=\"elementor-post__text\">\n\t\t\t\t<h3 class=\"elementor-post__title\">\n\t\t\t<a href=\"https:\/\/bernuosta.lv\/ru\/ka-sagatavoties-pirmajai-dienai-bernudarza\/\" >\n\t\t\t\tK\u0101 sagatavoties pirmajai dienai b\u0113rnud\u0101rz\u0101?\t\t\t<\/a>\n\t\t<\/h3>\n\t\t\t\t<div class=\"elementor-post__excerpt\">\n\t\t\t<p>B\u0113rnud\u0101rza gaitu uzs\u0101k\u0161ana var sag\u0101d\u0101t emocion\u0101lu p\u0101rdz\u012bvojumu k\u0101 vec\u0101kiem, t\u0101 atvasei, un tom\u0113r tas ir lo\u0123isks n\u0101kamais solis b\u0113rna dz\u012bv\u0113. Par to, k\u0101 vec\u0101kiem lab\u0101k<\/p>\n\t\t<\/div>\n\t\t\n\t\t<a class=\"elementor-post__read-more\" href=\"https:\/\/bernuosta.lv\/ru\/ka-sagatavoties-pirmajai-dienai-bernudarza\/\" aria-label=\"Read more about K\u0101 sagatavoties pirmajai dienai b\u0113rnud\u0101rz\u0101?\" tabindex=\"-1\" >\n\t\t\tUzzin\u0101t vair\u0101k \u00bb\t\t<\/a>\n\n\t\t\t\t<\/div>\n\t\t\t\t<div class=\"elementor-post__meta-data\">\n\t\t\t\t\t<span class=\"elementor-post-date\">\n\t\t\t26\/08\/2022\t\t<\/span>\n\t\t\t\t<\/div>\n\t\t\t\t\t<\/div>\n\t\t<\/article>\n\t\t\t\t<article class=\"elementor-post elementor-grid-item post-1313 post type-post status-publish format-standard has-post-thumbnail hentry category-dazadi\">\n\t\t\t<div class=\"elementor-post__card\">\n\t\t\t\t<a class=\"elementor-post__thumbnail__link\" href=\"https:\/\/bernuosta.lv\/ru\/aktivitates-ar-berniem-majsedes-laika-rudens-kvests\/\" tabindex=\"-1\" ><div class=\"elementor-post__thumbnail\"><img loading=\"lazy\" decoding=\"async\" width=\"900\" height=\"987\" src=\"https:\/\/bernuosta.lv\/wp-content\/uploads\/2021\/10\/WhatsApp-Image-2021-10-28-at-10.12.05.jpeg\" class=\"attachment-full size-full wp-image-1312\" alt=\"\" srcset=\"https:\/\/bernuosta.lv\/wp-content\/uploads\/2021\/10\/WhatsApp-Image-2021-10-28-at-10.12.05.jpeg 900w, https:\/\/bernuosta.lv\/wp-content\/uploads\/2021\/10\/WhatsApp-Image-2021-10-28-at-10.12.05-274x300.jpeg 274w, https:\/\/bernuosta.lv\/wp-content\/uploads\/2021\/10\/WhatsApp-Image-2021-10-28-at-10.12.05-768x842.jpeg 768w, https:\/\/bernuosta.lv\/wp-content\/uploads\/2021\/10\/WhatsApp-Image-2021-10-28-at-10.12.05-11x12.jpeg 11w\" sizes=\"(max-width: 900px) 100vw, 900px\" \/><\/div><\/a>\n\t\t\t\t<div class=\"elementor-post__badge\">Da\u017e\u0101di<\/div>\n\t\t\t\t<div class=\"elementor-post__text\">\n\t\t\t\t<h3 class=\"elementor-post__title\">\n\t\t\t<a href=\"https:\/\/bernuosta.lv\/ru\/aktivitates-ar-berniem-majsedes-laika-rudens-kvests\/\" >\n\t\t\t\tAktivit\u0101tes ar b\u0113rniem m\u0101js\u0113des laik\u0101 &#8211; RUDENS KVESTS\t\t\t<\/a>\n\t\t<\/h3>\n\t\t\t\t<div class=\"elementor-post__excerpt\">\n\t\t\t<p>M\u0101js\u0113des laik\u0101, kad vec\u0101kiem un b\u0113rniem j\u0101pavada kop\u0101 vair\u0101k laika nek\u0101 ierasts, p\u0113c da\u017e\u0101m dien\u0101m var \u0161\u0137ist, ka visas l\u012bdz\u0161in\u0113j\u0101s nodarbes jau izm\u0113\u0123in\u0101tas. Tie\u0161i t\u0101p\u0113c<\/p>\n\t\t<\/div>\n\t\t\n\t\t<a class=\"elementor-post__read-more\" href=\"https:\/\/bernuosta.lv\/ru\/aktivitates-ar-berniem-majsedes-laika-rudens-kvests\/\" aria-label=\"Read more about Aktivit\u0101tes ar b\u0113rniem m\u0101js\u0113des laik\u0101 &#8211; RUDENS KVESTS\" tabindex=\"-1\" >\n\t\t\tUzzin\u0101t vair\u0101k \u00bb\t\t<\/a>\n\n\t\t\t\t<\/div>\n\t\t\t\t<div class=\"elementor-post__meta-data\">\n\t\t\t\t\t<span class=\"elementor-post-date\">\n\t\t\t28\/10\/2021\t\t<\/span>\n\t\t\t\t<\/div>\n\t\t\t\t\t<\/div>\n\t\t<\/article>\n\t\t\t\t<\/div>\n\t\t\n\t\t\t\t\t\t<\/div>\n\t\t\t\t<\/div>\n\t\t\t\t\t<\/div>\n\t\t<\/div>\n\t\t\t\t\t<\/div>\n\t\t<\/section>\n\t\t\t\t<\/div>","protected":false},"excerpt":{"rendered":"<p>Jaunumi<\/p>","protected":false},"author":1,"featured_media":0,"parent":0,"menu_order":0,"comment_status":"closed","ping_status":"closed","template":"elementor_header_footer","meta":{"footnotes":""},"class_list":["post-623","page","type-page","status-publish","hentry"],"_links":{"self":[{"href":"https:\/\/bernuosta.lv\/ru\/wp-json\/wp\/v2\/pages\/623","targetHints":{"allow":["GET"]}}],"collection":[{"href":"https:\/\/bernuosta.lv\/ru\/wp-json\/wp\/v2\/pages"}],"about":[{"href":"https:\/\/bernuosta.lv\/ru\/wp-json\/wp\/v2\/types\/page"}],"author":[{"embeddable":true,"href":"https:\/\/bernuosta.lv\/ru\/wp-json\/wp\/v2\/users\/1"}],"replies":[{"embeddable":true,"href":"https:\/\/bernuosta.lv\/ru\/wp-json\/wp\/v2\/comments?post=623"}],"version-history":[{"count":20,"href":"https:\/\/bernuosta.lv\/ru\/wp-json\/wp\/v2\/pages\/623\/revisions"}],"predecessor-version":[{"id":2183,"href":"https:\/\/bernuosta.lv\/ru\/wp-json\/wp\/v2\/pages\/623\/revisions\/2183"}],"wp:attachment":[{"href":"https:\/\/bernuosta.lv\/ru\/wp-json\/wp\/v2\/media?parent=623"}],"curies":[{"name":"wp","href":"https:\/\/api.w.org\/{rel}","templated":true}]}}