{"id":2408,"date":"2026-02-11T12:41:04","date_gmt":"2026-02-11T10:41:04","guid":{"rendered":"https:\/\/bernuosta.lv\/?page_id=2408"},"modified":"2026-02-11T13:40:19","modified_gmt":"2026-02-11T11:40:19","slug":"dokumenti","status":"publish","type":"page","link":"https:\/\/bernuosta.lv\/ru\/dokumenti\/","title":{"rendered":"Dokumenti"},"content":{"rendered":"<div data-elementor-type=\"wp-page\" data-elementor-id=\"2408\" class=\"elementor elementor-2408\" data-elementor-post-type=\"page\">\n\t\t\t\t\t\t<section class=\"elementor-section elementor-top-section elementor-element elementor-element-1748a62 elementor-section-boxed elementor-section-height-default elementor-section-height-default\" data-id=\"1748a62\" data-element_type=\"section\" data-e-type=\"section\">\n\t\t\t\t\t\t<div class=\"elementor-container elementor-column-gap-default\">\n\t\t\t\t\t<div class=\"elementor-column elementor-col-100 elementor-top-column elementor-element elementor-element-56c7664\" data-id=\"56c7664\" data-element_type=\"column\" data-e-type=\"column\">\n\t\t\t<div class=\"elementor-widget-wrap elementor-element-populated\">\n\t\t\t\t\t\t<div class=\"elementor-element elementor-element-47a6119 elementor-widget elementor-widget-heading\" data-id=\"47a6119\" data-element_type=\"widget\" data-e-type=\"widget\" data-widget_type=\"heading.default\">\n\t\t\t\t<div class=\"elementor-widget-container\">\n\t\t\t\t\t<h3 class=\"elementor-heading-title elementor-size-default\">Pa\u0161nov\u0113rt\u0113juma zi\u0146ojumi<\/h3>\t\t\t\t<\/div>\n\t\t\t\t<\/div>\n\t\t\t\t<div class=\"elementor-element elementor-element-85cb40e elementor-widget elementor-widget-spacer\" data-id=\"85cb40e\" data-element_type=\"widget\" data-e-type=\"widget\" data-widget_type=\"spacer.default\">\n\t\t\t\t<div class=\"elementor-widget-container\">\n\t\t\t\t\t\t\t<div class=\"elementor-spacer\">\n\t\t\t<div class=\"elementor-spacer-inner\"><\/div>\n\t\t<\/div>\n\t\t\t\t\t\t<\/div>\n\t\t\t\t<\/div>\n\t\t\t\t<div class=\"elementor-element elementor-element-eff7bd3 elementor-widget elementor-widget-text-editor\" data-id=\"eff7bd3\" data-element_type=\"widget\" data-e-type=\"widget\" data-widget_type=\"text-editor.default\">\n\t\t\t\t<div class=\"elementor-widget-container\">\n\t\t\t\t\t\t\t\t\t<p><span style=\"color: #003366;\"><a style=\"color: #003366;\" href=\"https:\/\/bernuosta.lv\/wp-content\/uploads\/2026\/02\/Privatas-pirmsskolas-izglitibas-iestades-Bernu-Osta-pasnovertejuma-zinojums.pdf\" target=\"_blank\" rel=\"noopener\">Priv\u0101t\u0101s pirmsskolas izgl\u012bt\u012bbas iest\u0101des \u201cB\u0113rnu Osta\u201d pa\u0161nov\u0113rt\u0113juma zi\u0146ojums\u00a0<\/a><\/span><\/p>\t\t\t\t\t\t\t\t<\/div>\n\t\t\t\t<\/div>\n\t\t\t\t\t<\/div>\n\t\t<\/div>\n\t\t\t\t\t<\/div>\n\t\t<\/section>\n\t\t\t\t<\/div>","protected":false},"excerpt":{"rendered":"<p>Pa\u0161nov\u0113rt\u0113juma zi\u0146ojumi Priv\u0101t\u0101s pirmsskolas izgl\u012bt\u012bbas iest\u0101des \u201cB\u0113rnu Osta\u201d pa\u0161nov\u0113rt\u0113juma zi\u0146ojums\u00a0<\/p>","protected":false},"author":1,"featured_media":0,"parent":0,"menu_order":0,"comment_status":"closed","ping_status":"closed","template":"","meta":{"footnotes":""},"class_list":["post-2408","page","type-page","status-publish","hentry"],"_links":{"self":[{"href":"https:\/\/bernuosta.lv\/ru\/wp-json\/wp\/v2\/pages\/2408","targetHints":{"allow":["GET"]}}],"collection":[{"href":"https:\/\/bernuosta.lv\/ru\/wp-json\/wp\/v2\/pages"}],"about":[{"href":"https:\/\/bernuosta.lv\/ru\/wp-json\/wp\/v2\/types\/page"}],"author":[{"embeddable":true,"href":"https:\/\/bernuosta.lv\/ru\/wp-json\/wp\/v2\/users\/1"}],"replies":[{"embeddable":true,"href":"https:\/\/bernuosta.lv\/ru\/wp-json\/wp\/v2\/comments?post=2408"}],"version-history":[{"count":28,"href":"https:\/\/bernuosta.lv\/ru\/wp-json\/wp\/v2\/pages\/2408\/revisions"}],"predecessor-version":[{"id":2441,"href":"https:\/\/bernuosta.lv\/ru\/wp-json\/wp\/v2\/pages\/2408\/revisions\/2441"}],"wp:attachment":[{"href":"https:\/\/bernuosta.lv\/ru\/wp-json\/wp\/v2\/media?parent=2408"}],"curies":[{"name":"wp","href":"https:\/\/api.w.org\/{rel}","templated":true}]}}