{"id":1661,"date":"2023-03-07T20:59:15","date_gmt":"2023-03-07T18:59:15","guid":{"rendered":"https:\/\/bernuosta.lv\/?page_id=1661"},"modified":"2023-08-16T14:34:03","modified_gmt":"2023-08-16T11:34:03","slug":"filiales","status":"publish","type":"page","link":"https:\/\/bernuosta.lv\/ru\/filiales\/","title":{"rendered":"Fili\u0101les"},"content":{"rendered":"\t\t<div data-elementor-type=\"wp-page\" data-elementor-id=\"1661\" class=\"elementor elementor-1661\" data-elementor-post-type=\"page\">\n\t\t\t\t\t\t<section class=\"elementor-section elementor-top-section elementor-element elementor-element-c47f5a4 elementor-section-boxed elementor-section-height-default elementor-section-height-default\" data-id=\"c47f5a4\" data-element_type=\"section\" data-e-type=\"section\">\n\t\t\t\t\t\t<div class=\"elementor-container elementor-column-gap-default\">\n\t\t\t\t\t<div class=\"elementor-column elementor-col-100 elementor-top-column elementor-element elementor-element-b47bcef\" data-id=\"b47bcef\" data-element_type=\"column\" data-e-type=\"column\">\n\t\t\t<div class=\"elementor-widget-wrap elementor-element-populated\">\n\t\t\t\t\t\t<div class=\"elementor-element elementor-element-d25c2f4 elementor-widget elementor-widget-heading\" data-id=\"d25c2f4\" data-element_type=\"widget\" data-e-type=\"widget\" data-widget_type=\"heading.default\">\n\t\t\t\t<div class=\"elementor-widget-container\">\n\t\t\t\t\t<h2 class=\"elementor-heading-title elementor-size-default\">M\u016bsu fili\u0101les<\/h2>\t\t\t\t<\/div>\n\t\t\t\t<\/div>\n\t\t\t\t<div class=\"elementor-element elementor-element-37cc362 elementor-widget elementor-widget-text-editor\" data-id=\"37cc362\" data-element_type=\"widget\" data-e-type=\"widget\" data-widget_type=\"text-editor.default\">\n\t\t\t\t<div class=\"elementor-widget-container\">\n\t\t\t\t\t\t\t\t\t<p>B\u0113rnu ostas fili\u0101l\u0113s nodro\u0161in\u0101m b\u0113rna izaugsmi harmonisk\u0101 un dro\u0161\u0101 vid\u0113. Fili\u0101les veidotas p\u0113c vienot\u0101m v\u0113rt\u012bb\u0101m un principiem, nodro\u0161inot visu nepiecie\u0161amo b\u0113rna att\u012bst\u012bbai.<\/p>\t\t\t\t\t\t\t\t<\/div>\n\t\t\t\t<\/div>\n\t\t\t\t<section class=\"elementor-section elementor-inner-section elementor-element elementor-element-7d815a0 elementor-section-boxed elementor-section-height-default elementor-section-height-default\" data-id=\"7d815a0\" data-element_type=\"section\" data-e-type=\"section\">\n\t\t\t\t\t\t<div class=\"elementor-container elementor-column-gap-default\">\n\t\t\t\t\t<div class=\"elementor-column elementor-col-50 elementor-inner-column elementor-element elementor-element-4c30dd1\" data-id=\"4c30dd1\" data-element_type=\"column\" data-e-type=\"column\">\n\t\t\t<div class=\"elementor-widget-wrap elementor-element-populated\">\n\t\t\t\t\t\t<div class=\"elementor-element elementor-element-1f48346 elementor-button-info elementor-align-right elementor-mobile-align-center elementor-widget elementor-widget-button\" data-id=\"1f48346\" data-element_type=\"widget\" data-e-type=\"widget\" data-widget_type=\"button.default\">\n\t\t\t\t<div class=\"elementor-widget-container\">\n\t\t\t\t\t\t\t\t\t<div class=\"elementor-button-wrapper\">\n\t\t\t\t\t<a class=\"elementor-button elementor-button-link elementor-size-md\" href=\"https:\/\/bernuosta.lv\/pieteikties\/\" target=\"_blank\">\n\t\t\t\t\t\t<span class=\"elementor-button-content-wrapper\">\n\t\t\t\t\t\t\t\t\t<span class=\"elementor-button-text\">PIETEIKTIES<\/span>\n\t\t\t\t\t<\/span>\n\t\t\t\t\t<\/a>\n\t\t\t\t<\/div>\n\t\t\t\t\t\t\t\t<\/div>\n\t\t\t\t<\/div>\n\t\t\t\t\t<\/div>\n\t\t<\/div>\n\t\t\t\t<div class=\"elementor-column elementor-col-50 elementor-inner-column elementor-element elementor-element-ae71b33\" data-id=\"ae71b33\" data-element_type=\"column\" data-e-type=\"column\">\n\t\t\t<div class=\"elementor-widget-wrap elementor-element-populated\">\n\t\t\t\t\t\t<div class=\"elementor-element elementor-element-752c3bb elementor-button-info elementor-align-left elementor-mobile-align-center elementor-widget elementor-widget-button\" data-id=\"752c3bb\" data-element_type=\"widget\" data-e-type=\"widget\" data-widget_type=\"button.default\">\n\t\t\t\t<div class=\"elementor-widget-container\">\n\t\t\t\t\t\t\t\t\t<div class=\"elementor-button-wrapper\">\n\t\t\t\t\t<a class=\"elementor-button elementor-button-link elementor-size-md\" href=\"https:\/\/bernuosta.lv\/kontakti\/\">\n\t\t\t\t\t\t<span class=\"elementor-button-content-wrapper\">\n\t\t\t\t\t\t\t\t\t<span class=\"elementor-button-text\">KONTAKTI<\/span>\n\t\t\t\t\t<\/span>\n\t\t\t\t\t<\/a>\n\t\t\t\t<\/div>\n\t\t\t\t\t\t\t\t<\/div>\n\t\t\t\t<\/div>\n\t\t\t\t\t<\/div>\n\t\t<\/div>\n\t\t\t\t\t<\/div>\n\t\t<\/section>\n\t\t\t\t\t<\/div>\n\t\t<\/div>\n\t\t\t\t\t<\/div>\n\t\t<\/section>\n\t\t\t\t<section class=\"elementor-section elementor-top-section elementor-element elementor-element-52ab912 elementor-section-full_width elementor-section-height-default elementor-section-height-default\" data-id=\"52ab912\" data-element_type=\"section\" data-e-type=\"section\" data-settings=\"{&quot;background_background&quot;:&quot;classic&quot;}\">\n\t\t\t\t\t\t<div class=\"elementor-container elementor-column-gap-default\">\n\t\t\t\t\t<div class=\"elementor-column elementor-col-100 elementor-top-column elementor-element elementor-element-536917c\" data-id=\"536917c\" data-element_type=\"column\" data-e-type=\"column\">\n\t\t\t<div class=\"elementor-widget-wrap elementor-element-populated\">\n\t\t\t\t\t\t<div class=\"elementor-element elementor-element-ce522b9 elementor-widget__width-auto elementor-absolute elementor-hidden-phone elementor-widget elementor-widget-global elementor-global-1039 elementor-widget-image\" data-id=\"ce522b9\" data-element_type=\"widget\" data-e-type=\"widget\" data-settings=\"{&quot;motion_fx_motion_fx_scrolling&quot;:&quot;yes&quot;,&quot;motion_fx_translateY_effect&quot;:&quot;yes&quot;,&quot;motion_fx_translateY_speed&quot;:{&quot;unit&quot;:&quot;px&quot;,&quot;size&quot;:2,&quot;sizes&quot;:[]},&quot;motion_fx_translateY_affectedRange&quot;:{&quot;unit&quot;:&quot;%&quot;,&quot;size&quot;:&quot;&quot;,&quot;sizes&quot;:{&quot;start&quot;:10,&quot;end&quot;:100}},&quot;_position&quot;:&quot;absolute&quot;,&quot;motion_fx_devices&quot;:[&quot;desktop&quot;,&quot;tablet&quot;,&quot;mobile&quot;]}\" data-widget_type=\"image.default\">\n\t\t\t\t<div class=\"elementor-widget-container\">\n\t\t\t\t\t\t\t\t\t\t\t\t\t\t\t<img fetchpriority=\"high\" decoding=\"async\" width=\"292\" height=\"300\" src=\"https:\/\/bernuosta.lv\/wp-content\/uploads\/2020\/09\/Turtle-1.png\" class=\"attachment-full size-full wp-image-147\" alt=\"\" \/>\t\t\t\t\t\t\t\t\t\t\t\t\t\t\t<\/div>\n\t\t\t\t<\/div>\n\t\t\t\t<div class=\"elementor-element elementor-element-18de46f elementor-widget elementor-widget-heading\" data-id=\"18de46f\" data-element_type=\"widget\" data-e-type=\"widget\" data-widget_type=\"heading.default\">\n\t\t\t\t<div class=\"elementor-widget-container\">\n\t\t\t\t\t<h2 class=\"elementor-heading-title elementor-size-default\">Fili\u0101les<\/h2>\t\t\t\t<\/div>\n\t\t\t\t<\/div>\n\t\t\t\t\t<\/div>\n\t\t<\/div>\n\t\t\t\t\t<\/div>\n\t\t<\/section>\n\t\t\t\t<section class=\"elementor-section elementor-top-section elementor-element elementor-element-92c7b13 elementor-section-boxed elementor-section-height-default elementor-section-height-default\" data-id=\"92c7b13\" data-element_type=\"section\" data-e-type=\"section\" data-settings=\"{&quot;background_background&quot;:&quot;classic&quot;}\">\n\t\t\t\t\t\t<div class=\"elementor-container elementor-column-gap-default\">\n\t\t\t\t\t<div class=\"elementor-column elementor-col-50 elementor-top-column elementor-element elementor-element-ef080d7\" data-id=\"ef080d7\" data-element_type=\"column\" data-e-type=\"column\" data-settings=\"{&quot;background_background&quot;:&quot;classic&quot;}\">\n\t\t\t<div class=\"elementor-widget-wrap elementor-element-populated\">\n\t\t\t\t\t\t<div class=\"elementor-element elementor-element-d6c8819 elementor-widget elementor-widget-image\" data-id=\"d6c8819\" data-element_type=\"widget\" data-e-type=\"widget\" data-widget_type=\"image.default\">\n\t\t\t\t<div class=\"elementor-widget-container\">\n\t\t\t\t\t\t\t\t\t\t\t\t\t\t\t\t<a href=\"http:\/\/bernuosta.lv\/katrinas-dambis\">\n\t\t\t\t\t\t\t<img decoding=\"async\" width=\"800\" height=\"613\" src=\"https:\/\/bernuosta.lv\/wp-content\/uploads\/2022\/07\/5-min-1-1024x785.png\" class=\"attachment-large size-large wp-image-1464\" alt=\"\" srcset=\"https:\/\/bernuosta.lv\/wp-content\/uploads\/2022\/07\/5-min-1-1024x785.png 1024w, https:\/\/bernuosta.lv\/wp-content\/uploads\/2022\/07\/5-min-1-300x230.png 300w, https:\/\/bernuosta.lv\/wp-content\/uploads\/2022\/07\/5-min-1-768x589.png 768w, https:\/\/bernuosta.lv\/wp-content\/uploads\/2022\/07\/5-min-1-1536x1178.png 1536w, https:\/\/bernuosta.lv\/wp-content\/uploads\/2022\/07\/5-min-1-2048x1570.png 2048w, https:\/\/bernuosta.lv\/wp-content\/uploads\/2022\/07\/5-min-1-16x12.png 16w\" sizes=\"(max-width: 800px) 100vw, 800px\" \/>\t\t\t\t\t\t\t\t<\/a>\n\t\t\t\t\t\t\t\t\t\t\t\t\t\t\t<\/div>\n\t\t\t\t<\/div>\n\t\t\t\t<div class=\"elementor-element elementor-element-7d941c3 elementor-widget__width-inherit elementor-widget elementor-widget-heading\" data-id=\"7d941c3\" data-element_type=\"widget\" data-e-type=\"widget\" data-widget_type=\"heading.default\">\n\t\t\t\t<div class=\"elementor-widget-container\">\n\t\t\t\t\t<h2 class=\"elementor-heading-title elementor-size-default\"><a href=\"http:\/\/bernuosta.lv\/katrinas-dambis\">Andrejsalas fili\u0101le<\/a><\/h2>\t\t\t\t<\/div>\n\t\t\t\t<\/div>\n\t\t\t\t<div class=\"elementor-element elementor-element-346d04c elementor-widget elementor-widget-text-editor\" data-id=\"346d04c\" data-element_type=\"widget\" data-e-type=\"widget\" data-widget_type=\"text-editor.default\">\n\t\t\t\t<div class=\"elementor-widget-container\">\n\t\t\t\t\t\t\t\t\t<p>Katr\u012bnas dambis 22, R\u012bga<\/p>\t\t\t\t\t\t\t\t<\/div>\n\t\t\t\t<\/div>\n\t\t\t\t<div class=\"elementor-element elementor-element-fabacc1 elementor-align-center elementor-widget elementor-widget-button\" data-id=\"fabacc1\" data-element_type=\"widget\" data-e-type=\"widget\" data-widget_type=\"button.default\">\n\t\t\t\t<div class=\"elementor-widget-container\">\n\t\t\t\t\t\t\t\t\t<div class=\"elementor-button-wrapper\">\n\t\t\t\t\t<a class=\"elementor-button elementor-button-link elementor-size-sm\" href=\"http:\/\/bernuosta.lv\/filiales\/katrinas-dambis\">\n\t\t\t\t\t\t<span class=\"elementor-button-content-wrapper\">\n\t\t\t\t\t\t\t\t\t<span class=\"elementor-button-text\">UZZIN\u0100T VAIR\u0100K \u00bb<\/span>\n\t\t\t\t\t<\/span>\n\t\t\t\t\t<\/a>\n\t\t\t\t<\/div>\n\t\t\t\t\t\t\t\t<\/div>\n\t\t\t\t<\/div>\n\t\t\t\t\t<\/div>\n\t\t<\/div>\n\t\t\t\t<div class=\"elementor-column elementor-col-50 elementor-top-column elementor-element elementor-element-4cd94cc\" data-id=\"4cd94cc\" data-element_type=\"column\" data-e-type=\"column\" data-settings=\"{&quot;background_background&quot;:&quot;classic&quot;}\">\n\t\t\t<div class=\"elementor-widget-wrap elementor-element-populated\">\n\t\t\t\t\t\t<div class=\"elementor-element elementor-element-9ae7c95 elementor-widget elementor-widget-image\" data-id=\"9ae7c95\" data-element_type=\"widget\" data-e-type=\"widget\" data-widget_type=\"image.default\">\n\t\t\t\t<div class=\"elementor-widget-container\">\n\t\t\t\t\t\t\t\t\t\t\t\t\t\t\t\t<a href=\"http:\/\/bernuosta.lv\/bernudarzs-kipsala\">\n\t\t\t\t\t\t\t<img decoding=\"async\" width=\"800\" height=\"613\" src=\"https:\/\/bernuosta.lv\/wp-content\/uploads\/2022\/07\/1-min-1-1024x785.png\" class=\"attachment-large size-large wp-image-1460\" alt=\"\" srcset=\"https:\/\/bernuosta.lv\/wp-content\/uploads\/2022\/07\/1-min-1-1024x785.png 1024w, https:\/\/bernuosta.lv\/wp-content\/uploads\/2022\/07\/1-min-1-300x230.png 300w, https:\/\/bernuosta.lv\/wp-content\/uploads\/2022\/07\/1-min-1-768x589.png 768w, https:\/\/bernuosta.lv\/wp-content\/uploads\/2022\/07\/1-min-1-1536x1178.png 1536w, https:\/\/bernuosta.lv\/wp-content\/uploads\/2022\/07\/1-min-1-2048x1570.png 2048w, https:\/\/bernuosta.lv\/wp-content\/uploads\/2022\/07\/1-min-1-16x12.png 16w\" sizes=\"(max-width: 800px) 100vw, 800px\" \/>\t\t\t\t\t\t\t\t<\/a>\n\t\t\t\t\t\t\t\t\t\t\t\t\t\t\t<\/div>\n\t\t\t\t<\/div>\n\t\t\t\t<div class=\"elementor-element elementor-element-746ae64 elementor-widget__width-inherit elementor-widget elementor-widget-heading\" data-id=\"746ae64\" data-element_type=\"widget\" data-e-type=\"widget\" data-widget_type=\"heading.default\">\n\t\t\t\t<div class=\"elementor-widget-container\">\n\t\t\t\t\t<h2 class=\"elementor-heading-title elementor-size-default\"><a href=\"http:\/\/bernuosta.lv\/bernudarzs-kipsala\">\u0136\u012bpsalas fili\u0101le<\/a><\/h2>\t\t\t\t<\/div>\n\t\t\t\t<\/div>\n\t\t\t\t<div class=\"elementor-element elementor-element-7f54b0b elementor-widget elementor-widget-text-editor\" data-id=\"7f54b0b\" data-element_type=\"widget\" data-e-type=\"widget\" data-widget_type=\"text-editor.default\">\n\t\t\t\t<div class=\"elementor-widget-container\">\n\t\t\t\t\t\t\t\t\t<p>Balasta dambis 56, \u0136\u012bpsala<\/p>\t\t\t\t\t\t\t\t<\/div>\n\t\t\t\t<\/div>\n\t\t\t\t<div class=\"elementor-element elementor-element-ac0569b elementor-align-center elementor-widget elementor-widget-button\" data-id=\"ac0569b\" data-element_type=\"widget\" data-e-type=\"widget\" data-widget_type=\"button.default\">\n\t\t\t\t<div class=\"elementor-widget-container\">\n\t\t\t\t\t\t\t\t\t<div class=\"elementor-button-wrapper\">\n\t\t\t\t\t<a class=\"elementor-button elementor-button-link elementor-size-sm\" href=\"http:\/\/bernuosta.lv\/bernudarzs-kipsala\">\n\t\t\t\t\t\t<span class=\"elementor-button-content-wrapper\">\n\t\t\t\t\t\t\t\t\t<span class=\"elementor-button-text\">UZZIN\u0100T VAIR\u0100K \u00bb<\/span>\n\t\t\t\t\t<\/span>\n\t\t\t\t\t<\/a>\n\t\t\t\t<\/div>\n\t\t\t\t\t\t\t\t<\/div>\n\t\t\t\t<\/div>\n\t\t\t\t\t<\/div>\n\t\t<\/div>\n\t\t\t\t\t<\/div>\n\t\t<\/section>\n\t\t\t\t<\/div>\n\t\t","protected":false},"excerpt":{"rendered":"<p>M\u016bsu fili\u0101les B\u0113rnu ostas fili\u0101l\u0113s nodro\u0161in\u0101m b\u0113rna izaugsmi harmonisk\u0101 un dro\u0161\u0101 vid\u0113. Fili\u0101les veidotas p\u0113c vienot\u0101m v\u0113rt\u012bb\u0101m un principiem, nodro\u0161inot visu nepiecie\u0161amo b\u0113rna att\u012bst\u012bbai. PIETEIKTIES KONTAKTI Fili\u0101les Andrejsalas fili\u0101le Katr\u012bnas dambis 22, R\u012bga UZZIN\u0100T VAIR\u0100K \u00bb \u0136\u012bpsalas fili\u0101le Balasta dambis 56, \u0136\u012bpsala UZZIN\u0100T VAIR\u0100K \u00bb<\/p>","protected":false},"author":1,"featured_media":0,"parent":0,"menu_order":0,"comment_status":"closed","ping_status":"closed","template":"","meta":{"footnotes":""},"class_list":["post-1661","page","type-page","status-publish","hentry"],"_links":{"self":[{"href":"https:\/\/bernuosta.lv\/ru\/wp-json\/wp\/v2\/pages\/1661","targetHints":{"allow":["GET"]}}],"collection":[{"href":"https:\/\/bernuosta.lv\/ru\/wp-json\/wp\/v2\/pages"}],"about":[{"href":"https:\/\/bernuosta.lv\/ru\/wp-json\/wp\/v2\/types\/page"}],"author":[{"embeddable":true,"href":"https:\/\/bernuosta.lv\/ru\/wp-json\/wp\/v2\/users\/1"}],"replies":[{"embeddable":true,"href":"https:\/\/bernuosta.lv\/ru\/wp-json\/wp\/v2\/comments?post=1661"}],"version-history":[{"count":71,"href":"https:\/\/bernuosta.lv\/ru\/wp-json\/wp\/v2\/pages\/1661\/revisions"}],"predecessor-version":[{"id":2061,"href":"https:\/\/bernuosta.lv\/ru\/wp-json\/wp\/v2\/pages\/1661\/revisions\/2061"}],"wp:attachment":[{"href":"https:\/\/bernuosta.lv\/ru\/wp-json\/wp\/v2\/media?parent=1661"}],"curies":[{"name":"wp","href":"https:\/\/api.w.org\/{rel}","templated":true}]}}